{"id":1568,"date":"2022-11-28T16:33:59","date_gmt":"2022-11-28T15:33:59","guid":{"rendered":"https:\/\/assistereinfamiglia.org\/?page_id=1568"},"modified":"2026-02-11T13:21:00","modified_gmt":"2026-02-11T12:21:00","slug":"idratazione","status":"publish","type":"page","link":"https:\/\/assistereinfamiglia.ats-brianza.it\/?page_id=1568","title":{"rendered":"L&#8217;idratazione"},"content":{"rendered":"<style>.kb-row-layout-wrap.wp-block-kadence-rowlayout.kb-row-layout-id1568_4bdd46-a5{margin-top:0px;margin-bottom:0px;}.kb-row-layout-id1568_4bdd46-a5 > .kt-row-column-wrap{align-content:start;}:where(.kb-row-layout-id1568_4bdd46-a5 > .kt-row-column-wrap) > .wp-block-kadence-column{justify-content:start;}.kb-row-layout-id1568_4bdd46-a5 > .kt-row-column-wrap{column-gap:var(--global-kb-gap-md, 2rem);row-gap:var(--global-kb-gap-md, 2rem);max-width:var( --global-content-width, 1290px );padding-left:var(--global-content-edge-padding);padding-right:var(--global-content-edge-padding);padding-top:80px;padding-bottom:80px;padding-left:0px;padding-right:0px;grid-template-columns:minmax(0, 1fr);}.kb-row-layout-id1568_4bdd46-a5 > .kt-row-layout-overlay{opacity:0.30;}@media all and (max-width: 1024px){.kb-row-layout-id1568_4bdd46-a5 > .kt-row-column-wrap{padding-top:80px;padding-right:30px;padding-bottom:70px;padding-left:30px;grid-template-columns:minmax(0, 1fr);}}@media all and (max-width: 767px){.kb-row-layout-id1568_4bdd46-a5 > .kt-row-column-wrap{padding-top:50px;padding-bottom:60px;padding-left:15px;padding-right:15px;grid-template-columns:minmax(0, 1fr);}}<\/style><div class=\"kb-row-layout-wrap kb-row-layout-id1568_4bdd46-a5 alignnone wp-block-kadence-rowlayout\"><div class=\"kt-row-column-wrap kt-has-1-columns kt-row-layout-equal kt-tab-layout-inherit kt-mobile-layout-row kt-row-valign-top kb-theme-content-width\">\n<style>.kadence-column1568_75864d-f1 > .kt-inside-inner-col{padding-top:0px;padding-bottom:0px;padding-left:0px;padding-right:0px;}.kadence-column1568_75864d-f1 > .kt-inside-inner-col{border-top-width:0px;border-right-width:0px;border-bottom-width:0px;border-left-width:0px;}.kadence-column1568_75864d-f1 > .kt-inside-inner-col,.kadence-column1568_75864d-f1 > .kt-inside-inner-col:before{border-top-left-radius:0px;border-top-right-radius:0px;border-bottom-right-radius:0px;border-bottom-left-radius:0px;}.kadence-column1568_75864d-f1 > .kt-inside-inner-col{column-gap:var(--global-kb-gap-sm, 1rem);}.kadence-column1568_75864d-f1 > .kt-inside-inner-col{flex-direction:column;}.kadence-column1568_75864d-f1 > .kt-inside-inner-col > .aligncenter{width:100%;}.kadence-column1568_75864d-f1 > .kt-inside-inner-col:before{opacity:0.3;}.kadence-column1568_75864d-f1{position:relative;}.wp-block-kadence-column.kadence-column1568_75864d-f1 > .kt-inside-inner-col{margin-top:0px;margin-bottom:0px;margin-right:0px;margin-left:0px;}@media all and (max-width: 1024px){.kadence-column1568_75864d-f1 > .kt-inside-inner-col{flex-direction:column;justify-content:center;}}@media all and (max-width: 767px){.kadence-column1568_75864d-f1 > .kt-inside-inner-col{flex-direction:column;justify-content:center;}.wp-block-kadence-column.kadence-column1568_75864d-f1 > .kt-inside-inner-col{margin-top:0px;margin-bottom:0px;margin-right:0px;margin-left:0px;}}<\/style>\n<div class=\"wp-block-kadence-column kadence-column1568_75864d-f1 inner-column-1\"><div class=\"kt-inside-inner-col\"><style>.kb-row-layout-wrap.wp-block-kadence-rowlayout.kb-row-layout-id1568_27f6c3-5e{margin-top:50px;margin-bottom:0px;}.kb-row-layout-id1568_27f6c3-5e > .kt-row-column-wrap{align-content:start;}:where(.kb-row-layout-id1568_27f6c3-5e > .kt-row-column-wrap) > .wp-block-kadence-column{justify-content:start;}.kb-row-layout-id1568_27f6c3-5e > .kt-row-column-wrap{column-gap:var(--global-kb-gap-md, 2rem);row-gap:var(--global-kb-gap-md, 2rem);padding-top:0px;padding-bottom:0px;padding-left:0px;padding-right:0px;grid-template-columns:minmax(0, 1fr);}.kb-row-layout-id1568_27f6c3-5e{border-top-left-radius:6px;border-top-right-radius:6px;border-bottom-right-radius:6px;border-bottom-left-radius:6px;overflow:clip;isolation:isolate;}.kb-row-layout-id1568_27f6c3-5e > .kt-row-layout-overlay{border-top-left-radius:6px;border-top-right-radius:6px;border-bottom-right-radius:6px;border-bottom-left-radius:6px;}.kb-row-layout-id1568_27f6c3-5e > .kt-row-layout-overlay{opacity:0.30;}@media all and (max-width: 1024px){.kb-row-layout-id1568_27f6c3-5e > .kt-row-column-wrap{grid-template-columns:minmax(0, 1fr);}}@media all and (max-width: 767px){.kb-row-layout-wrap.wp-block-kadence-rowlayout.kb-row-layout-id1568_27f6c3-5e{margin-top:30px;margin-bottom:0px;}.kb-row-layout-id1568_27f6c3-5e > .kt-row-column-wrap{grid-template-columns:minmax(0, 1fr);}}<\/style><div class=\"kb-row-layout-wrap kb-row-layout-id1568_27f6c3-5e alignnone has-theme-palette9-background-color kt-row-has-bg wp-block-kadence-rowlayout\"><div class=\"kt-row-column-wrap kt-has-1-columns kt-row-layout-equal kt-tab-layout-inherit kt-mobile-layout-row kt-row-valign-top\">\n<style>.kadence-column1568_0e1cb9-3f > .kt-inside-inner-col{padding-top:10px;padding-bottom:10px;padding-left:10px;padding-right:10px;}.kadence-column1568_0e1cb9-3f > .kt-inside-inner-col{border-top-width:0px;border-right-width:0px;border-bottom-width:0px;border-left-width:0px;}.kadence-column1568_0e1cb9-3f > .kt-inside-inner-col,.kadence-column1568_0e1cb9-3f > .kt-inside-inner-col:before{border-top-left-radius:0px;border-top-right-radius:0px;border-bottom-right-radius:0px;border-bottom-left-radius:0px;}.kadence-column1568_0e1cb9-3f > .kt-inside-inner-col{column-gap:var(--global-kb-gap-sm, 1rem);}.kadence-column1568_0e1cb9-3f > .kt-inside-inner-col{flex-direction:column;}.kadence-column1568_0e1cb9-3f > .kt-inside-inner-col > .aligncenter{width:100%;}.kadence-column1568_0e1cb9-3f > .kt-inside-inner-col:before{opacity:0.3;}.kadence-column1568_0e1cb9-3f{position:relative;}@media all and (max-width: 1024px){.kadence-column1568_0e1cb9-3f > .kt-inside-inner-col{flex-direction:column;justify-content:center;}}@media all and (max-width: 767px){.kadence-column1568_0e1cb9-3f > .kt-inside-inner-col{flex-direction:column;justify-content:center;}}<\/style>\n<div class=\"wp-block-kadence-column kadence-column1568_0e1cb9-3f inner-column-1\"><div class=\"kt-inside-inner-col\"><style>.wp-block-kadence-advancedheading.kt-adv-heading1568_f656e7-4b, .wp-block-kadence-advancedheading.kt-adv-heading1568_f656e7-4b[data-kb-block=\"kb-adv-heading1568_f656e7-4b\"]{margin-top:10px;margin-right:0px;margin-bottom:27px;margin-left:0px;font-size:40px;line-height:1em;font-style:normal;color:#285238;}.wp-block-kadence-advancedheading.kt-adv-heading1568_f656e7-4b mark.kt-highlight, .wp-block-kadence-advancedheading.kt-adv-heading1568_f656e7-4b[data-kb-block=\"kb-adv-heading1568_f656e7-4b\"] mark.kt-highlight{font-style:normal;color:#f76a0c;-webkit-box-decoration-break:clone;box-decoration-break:clone;padding-top:0px;padding-right:0px;padding-bottom:0px;padding-left:0px;}.wp-block-kadence-advancedheading.kt-adv-heading1568_f656e7-4b img.kb-inline-image, .wp-block-kadence-advancedheading.kt-adv-heading1568_f656e7-4b[data-kb-block=\"kb-adv-heading1568_f656e7-4b\"] img.kb-inline-image{width:150px;vertical-align:baseline;}@media all and (max-width: 1024px){.wp-block-kadence-advancedheading.kt-adv-heading1568_f656e7-4b, .wp-block-kadence-advancedheading.kt-adv-heading1568_f656e7-4b[data-kb-block=\"kb-adv-heading1568_f656e7-4b\"]{font-size:34px;line-height:1em;}}@media all and (max-width: 767px){.wp-block-kadence-advancedheading.kt-adv-heading1568_f656e7-4b, .wp-block-kadence-advancedheading.kt-adv-heading1568_f656e7-4b[data-kb-block=\"kb-adv-heading1568_f656e7-4b\"]{font-size:28px;line-height:1em;}}<\/style>\n<h1 class=\"kt-adv-heading1568_f656e7-4b custom-h1 wp-block-kadence-advancedheading\" data-kb-block=\"kb-adv-heading1568_f656e7-4b\">L&#8217;idratazione nell&#8217;anziano fragile<\/h1>\n\n\n\n<p>Altro elemento fondamentale da monitorare \u00e8 l\u2019idratazione: l\u2019anziano tende a bere poco per una fisiologica diminuzione dello stimolo della sete. L\u2019acqua interviene nello svolgimento di tutti i processi fisiologici e in tutte le reazioni biochimiche del nostro corpo ed \u00e8 anche fondamentale per la termoregolazione. Inoltre, mantiene compatta la pelle e le mucose, agisce come ammortizzatore e lubrificante delle articolazioni. <\/p>\n<\/div><\/div>\n\n<\/div><\/div>\n\n<style>.kb-row-layout-wrap.wp-block-kadence-rowlayout.kb-row-layout-id1568_052fdc-20{margin-top:50px;margin-bottom:0px;}.kb-row-layout-id1568_052fdc-20 > .kt-row-column-wrap{align-content:start;}:where(.kb-row-layout-id1568_052fdc-20 > .kt-row-column-wrap) > .wp-block-kadence-column{justify-content:start;}.kb-row-layout-id1568_052fdc-20 > .kt-row-column-wrap{column-gap:var(--global-kb-gap-md, 2rem);row-gap:var(--global-kb-gap-md, 2rem);padding-top:0px;padding-bottom:0px;padding-left:0px;padding-right:0px;grid-template-columns:minmax(0, 1fr);}.kb-row-layout-id1568_052fdc-20{border-top-left-radius:6px;border-top-right-radius:6px;border-bottom-right-radius:6px;border-bottom-left-radius:6px;overflow:clip;isolation:isolate;}.kb-row-layout-id1568_052fdc-20 > .kt-row-layout-overlay{border-top-left-radius:6px;border-top-right-radius:6px;border-bottom-right-radius:6px;border-bottom-left-radius:6px;}.kb-row-layout-id1568_052fdc-20 > .kt-row-layout-overlay{opacity:0.30;}@media all and (max-width: 1024px){.kb-row-layout-id1568_052fdc-20 > .kt-row-column-wrap{grid-template-columns:minmax(0, 1fr);}}@media all and (max-width: 767px){.kb-row-layout-wrap.wp-block-kadence-rowlayout.kb-row-layout-id1568_052fdc-20{margin-top:30px;margin-bottom:0px;}.kb-row-layout-id1568_052fdc-20 > .kt-row-column-wrap{grid-template-columns:minmax(0, 1fr);}}<\/style><div class=\"kb-row-layout-wrap kb-row-layout-id1568_052fdc-20 alignnone has-theme-palette9-background-color kt-row-has-bg wp-block-kadence-rowlayout\"><div class=\"kt-row-column-wrap kt-has-1-columns kt-row-layout-equal kt-tab-layout-inherit kt-mobile-layout-row kt-row-valign-top\">\n<style>.kadence-column1568_07c31d-8d > .kt-inside-inner-col{padding-top:10px;padding-bottom:10px;padding-left:10px;padding-right:10px;}.kadence-column1568_07c31d-8d > .kt-inside-inner-col{border-top-width:0px;border-right-width:0px;border-bottom-width:0px;border-left-width:0px;}.kadence-column1568_07c31d-8d > .kt-inside-inner-col,.kadence-column1568_07c31d-8d > .kt-inside-inner-col:before{border-top-left-radius:0px;border-top-right-radius:0px;border-bottom-right-radius:0px;border-bottom-left-radius:0px;}.kadence-column1568_07c31d-8d > .kt-inside-inner-col{column-gap:var(--global-kb-gap-sm, 1rem);}.kadence-column1568_07c31d-8d > .kt-inside-inner-col{flex-direction:column;}.kadence-column1568_07c31d-8d > .kt-inside-inner-col > .aligncenter{width:100%;}.kadence-column1568_07c31d-8d > .kt-inside-inner-col:before{opacity:0.3;}.kadence-column1568_07c31d-8d{position:relative;}@media all and (max-width: 1024px){.kadence-column1568_07c31d-8d > .kt-inside-inner-col{flex-direction:column;justify-content:center;}}@media all and (max-width: 767px){.kadence-column1568_07c31d-8d > .kt-inside-inner-col{flex-direction:column;justify-content:center;}}<\/style>\n<div class=\"wp-block-kadence-column kadence-column1568_07c31d-8d inner-column-1\"><div class=\"kt-inside-inner-col\"><style>.wp-block-kadence-advancedheading.kt-adv-heading1568_413bb5-72, .wp-block-kadence-advancedheading.kt-adv-heading1568_413bb5-72[data-kb-block=\"kb-adv-heading1568_413bb5-72\"]{margin-top:0px;margin-right:0px;margin-bottom:20px;margin-left:0px;font-style:normal;}.wp-block-kadence-advancedheading.kt-adv-heading1568_413bb5-72 mark.kt-highlight, .wp-block-kadence-advancedheading.kt-adv-heading1568_413bb5-72[data-kb-block=\"kb-adv-heading1568_413bb5-72\"] mark.kt-highlight{font-style:normal;color:#f76a0c;-webkit-box-decoration-break:clone;box-decoration-break:clone;padding-top:0px;padding-right:0px;padding-bottom:0px;padding-left:0px;}.wp-block-kadence-advancedheading.kt-adv-heading1568_413bb5-72 img.kb-inline-image, .wp-block-kadence-advancedheading.kt-adv-heading1568_413bb5-72[data-kb-block=\"kb-adv-heading1568_413bb5-72\"] img.kb-inline-image{width:150px;vertical-align:baseline;}<\/style>\n<p class=\"kt-adv-heading1568_413bb5-72 wp-block-kadence-advancedheading\" data-kb-block=\"kb-adv-heading1568_413bb5-72\">L\u2019anziano fragile con limitata autonomia \u00e8 un soggetto ad alto rischio di disidratazione, condizione che peggiora la salute poich\u00e9 pu\u00f2 causare tromboembolie, aritmie cardiache, insufficienza renale, infezione, cadute e ulcere. In assenza di patologie che limitano l\u2019introduzione di liquidi (es.scompenso di circolo, grave insufficienza renale), l\u2019anziano dovrebbe assumere 30ml\/kg\/die di liquidi (non meno di 1600 ml\/die di liquidi, circa 5-8 bicchieri di acqua al giorno) considerando che anche gli alimenti contengono acqua in proporzioni estremamente variabili, fino all\u201980% frutta, vegetali e latte, 60% circa pane e riso mentre i prodotti da forno secchi ne contengono solo il 10%.<\/p>\n<\/div><\/div>\n\n<\/div><\/div><\/div><\/div>\n\n<\/div><\/div>\n\n<style>.kb-row-layout-wrap.wp-block-kadence-rowlayout.kb-row-layout-id1568_fceb49-b8{margin-top:0px;margin-bottom:0px;}.kb-row-layout-id1568_fceb49-b8 > .kt-row-column-wrap{align-content:start;}:where(.kb-row-layout-id1568_fceb49-b8 > .kt-row-column-wrap) > .wp-block-kadence-column{justify-content:start;}.kb-row-layout-id1568_fceb49-b8 > .kt-row-column-wrap{column-gap:var(--global-kb-gap-md, 2rem);row-gap:var(--global-kb-gap-md, 2rem);max-width:var( --global-content-width, 1290px );padding-left:var(--global-content-edge-padding);padding-right:var(--global-content-edge-padding);padding-top:20px;padding-bottom:17px;padding-left:0px;padding-right:0px;grid-template-columns:minmax(0, 1fr);}.kb-row-layout-id1568_fceb49-b8{background-color:rgba(248,210,154,0.2);}.kb-row-layout-id1568_fceb49-b8 > .kt-row-layout-overlay{opacity:0.30;}@media all and (max-width: 1024px){.kb-row-layout-wrap.wp-block-kadence-rowlayout.kb-row-layout-id1568_fceb49-b8{margin-top:0px;margin-bottom:0px;}}@media all and (max-width: 1024px){.kb-row-layout-id1568_fceb49-b8 > .kt-row-column-wrap{padding-top:70px;padding-right:0px;padding-bottom:40px;padding-left:0px;grid-template-columns:minmax(0, 1fr);}}@media all and (max-width: 767px){.kb-row-layout-id1568_fceb49-b8 > .kt-row-column-wrap{padding-top:60px;padding-bottom:30px;padding-left:10px;padding-right:10px;grid-template-columns:minmax(0, 1fr);}}<\/style><div class=\"kb-row-layout-wrap kb-row-layout-id1568_fceb49-b8 alignnone kt-row-has-bg wp-block-kadence-rowlayout\"><div class=\"kt-row-column-wrap kt-has-1-columns kt-row-layout-equal kt-tab-layout-inherit kt-mobile-layout-row kt-row-valign-top kb-theme-content-width\">\n<style>.kadence-column1568_46386b-ed > .kt-inside-inner-col{padding-top:10px;padding-bottom:10px;padding-left:10px;padding-right:10px;}.kadence-column1568_46386b-ed > .kt-inside-inner-col{border-top-width:0px;border-right-width:0px;border-bottom-width:0px;border-left-width:0px;}.kadence-column1568_46386b-ed > .kt-inside-inner-col,.kadence-column1568_46386b-ed > .kt-inside-inner-col:before{border-top-left-radius:0px;border-top-right-radius:0px;border-bottom-right-radius:0px;border-bottom-left-radius:0px;}.kadence-column1568_46386b-ed > .kt-inside-inner-col{column-gap:var(--global-kb-gap-sm, 1rem);}.kadence-column1568_46386b-ed > .kt-inside-inner-col{flex-direction:column;}.kadence-column1568_46386b-ed > .kt-inside-inner-col > .aligncenter{width:100%;}.kadence-column1568_46386b-ed > .kt-inside-inner-col:before{opacity:0.3;}.kadence-column1568_46386b-ed{position:relative;}@media all and (max-width: 1024px){.kadence-column1568_46386b-ed > .kt-inside-inner-col{flex-direction:column;justify-content:center;}}@media all and (max-width: 767px){.kadence-column1568_46386b-ed > .kt-inside-inner-col{flex-direction:column;justify-content:center;}}<\/style>\n<div class=\"wp-block-kadence-column kadence-column1568_46386b-ed inner-column-1\"><div class=\"kt-inside-inner-col\"><style>.kb-row-layout-id1568_332b38-42 > .kt-row-column-wrap{align-content:start;}:where(.kb-row-layout-id1568_332b38-42 > .kt-row-column-wrap) > .wp-block-kadence-column{justify-content:start;}.kb-row-layout-id1568_332b38-42 > .kt-row-column-wrap{column-gap:var(--global-kb-gap-md, 2rem);row-gap:var(--global-kb-gap-md, 2rem);max-width:var( --global-content-width, 1290px );padding-left:var(--global-content-edge-padding);padding-right:var(--global-content-edge-padding);padding-top:0px;padding-bottom:0px;padding-left:0px;padding-right:0px;grid-template-columns:minmax(0, 1fr);}.kb-row-layout-id1568_332b38-42 > .kt-row-layout-overlay{opacity:0.30;}@media all and (max-width: 1024px){.kb-row-layout-id1568_332b38-42 > .kt-row-column-wrap{grid-template-columns:minmax(0, 1fr);}}@media all and (max-width: 767px){.kb-row-layout-id1568_332b38-42 > .kt-row-column-wrap{grid-template-columns:minmax(0, 1fr);}}<\/style><div class=\"kb-row-layout-wrap kb-row-layout-id1568_332b38-42 alignnone wp-block-kadence-rowlayout\"><div class=\"kt-row-column-wrap kt-has-1-columns kt-row-layout-equal kt-tab-layout-inherit kt-mobile-layout-row kt-row-valign-top kb-theme-content-width\">\n<style>.kadence-column1568_ee8b60-5b > .kt-inside-inner-col{padding-top:10px;padding-bottom:10px;padding-left:10px;padding-right:10px;}.kadence-column1568_ee8b60-5b > .kt-inside-inner-col{border-top-width:0px;border-right-width:0px;border-bottom-width:0px;border-left-width:0px;}.kadence-column1568_ee8b60-5b > .kt-inside-inner-col,.kadence-column1568_ee8b60-5b > .kt-inside-inner-col:before{border-top-left-radius:0px;border-top-right-radius:0px;border-bottom-right-radius:0px;border-bottom-left-radius:0px;}.kadence-column1568_ee8b60-5b > .kt-inside-inner-col{column-gap:var(--global-kb-gap-sm, 1rem);}.kadence-column1568_ee8b60-5b > .kt-inside-inner-col{flex-direction:column;}.kadence-column1568_ee8b60-5b > .kt-inside-inner-col > .aligncenter{width:100%;}.kadence-column1568_ee8b60-5b > .kt-inside-inner-col:before{opacity:0.3;}.kadence-column1568_ee8b60-5b{position:relative;}@media all and (max-width: 1024px){.kadence-column1568_ee8b60-5b > .kt-inside-inner-col{flex-direction:column;justify-content:center;}}@media all and (max-width: 767px){.kadence-column1568_ee8b60-5b > .kt-inside-inner-col{flex-direction:column;justify-content:center;}}<\/style>\n<div class=\"wp-block-kadence-column kadence-column1568_ee8b60-5b inner-column-1\"><div class=\"kt-inside-inner-col\"><style>.wp-block-kadence-advancedheading.kt-adv-heading1568_93f61b-b9, .wp-block-kadence-advancedheading.kt-adv-heading1568_93f61b-b9[data-kb-block=\"kb-adv-heading1568_93f61b-b9\"]{font-size:14px;font-weight:700;font-style:normal;font-family:Raleway;text-transform:uppercase;color:#47b66d;}.wp-block-kadence-advancedheading.kt-adv-heading1568_93f61b-b9 mark.kt-highlight, .wp-block-kadence-advancedheading.kt-adv-heading1568_93f61b-b9[data-kb-block=\"kb-adv-heading1568_93f61b-b9\"] mark.kt-highlight{font-style:normal;color:#47b66d;text-transform:capitalize;-webkit-box-decoration-break:clone;box-decoration-break:clone;padding-top:0px;padding-right:0px;padding-bottom:0px;padding-left:0px;}.wp-block-kadence-advancedheading.kt-adv-heading1568_93f61b-b9 img.kb-inline-image, .wp-block-kadence-advancedheading.kt-adv-heading1568_93f61b-b9[data-kb-block=\"kb-adv-heading1568_93f61b-b9\"] img.kb-inline-image{width:150px;vertical-align:baseline;}<\/style>\n<p class=\"kt-adv-heading1568_93f61b-b9 wp-block-kadence-advancedheading\" data-kb-block=\"kb-adv-heading1568_93f61b-b9\">Potrebbe interessarti<\/p>\n\n\n<style>.wp-block-kadence-advancedheading.kt-adv-heading1568_3a3c60-40, .wp-block-kadence-advancedheading.kt-adv-heading1568_3a3c60-40[data-kb-block=\"kb-adv-heading1568_3a3c60-40\"]{margin-top:0px;margin-right:0px;margin-bottom:37px;margin-left:0px;text-align:left;font-size:32px;line-height:1em;font-weight:700;font-style:normal;font-family:Raleway;color:#103d57;}.wp-block-kadence-advancedheading.kt-adv-heading1568_3a3c60-40 mark.kt-highlight, .wp-block-kadence-advancedheading.kt-adv-heading1568_3a3c60-40[data-kb-block=\"kb-adv-heading1568_3a3c60-40\"] mark.kt-highlight{font-style:normal;color:#f76a0c;-webkit-box-decoration-break:clone;box-decoration-break:clone;padding-top:0px;padding-right:0px;padding-bottom:0px;padding-left:0px;}.wp-block-kadence-advancedheading.kt-adv-heading1568_3a3c60-40 img.kb-inline-image, .wp-block-kadence-advancedheading.kt-adv-heading1568_3a3c60-40[data-kb-block=\"kb-adv-heading1568_3a3c60-40\"] img.kb-inline-image{width:150px;vertical-align:baseline;}<\/style>\n<h2 class=\"kt-adv-heading1568_3a3c60-40 wp-block-kadence-advancedheading\" data-kb-block=\"kb-adv-heading1568_3a3c60-40\">Articoli correlati<\/h2>\n\n\n<style>.wp-block-kadence-advancedheading.kt-adv-heading1568_988e3f-bd, .wp-block-kadence-advancedheading.kt-adv-heading1568_988e3f-bd[data-kb-block=\"kb-adv-heading1568_988e3f-bd\"]{margin-top:-10px;margin-right:0px;margin-bottom:0px;margin-left:0px;text-align:left;font-size:18px;font-weight:400;font-style:normal;font-family:Raleway;}.wp-block-kadence-advancedheading.kt-adv-heading1568_988e3f-bd mark.kt-highlight, .wp-block-kadence-advancedheading.kt-adv-heading1568_988e3f-bd[data-kb-block=\"kb-adv-heading1568_988e3f-bd\"] mark.kt-highlight{font-style:normal;color:#f76a0c;-webkit-box-decoration-break:clone;box-decoration-break:clone;padding-top:0px;padding-right:0px;padding-bottom:0px;padding-left:0px;}.wp-block-kadence-advancedheading.kt-adv-heading1568_988e3f-bd img.kb-inline-image, .wp-block-kadence-advancedheading.kt-adv-heading1568_988e3f-bd[data-kb-block=\"kb-adv-heading1568_988e3f-bd\"] img.kb-inline-image{width:150px;vertical-align:baseline;}<\/style>\n<p class=\"kt-adv-heading1568_988e3f-bd wp-block-kadence-advancedheading\" data-kb-block=\"kb-adv-heading1568_988e3f-bd\">Una collezione di contenuti utili<\/p>\n\n\n\n<div class=\"wp-block-buttons is-layout-flex wp-block-buttons-is-layout-flex\"><\/div>\n\n\n\n<div class=\"info-box__container\" style=\"display: flex; justify-content: space-around; padding: 0 65px; min-height: 270px; margin: 68px 0;\">\n\n    <div class=\"info-box__item\" style=\"border-left: 1px solid #EFEFEF; padding: 0 100px 0 32px; display: flex; flex-direction: column; justify-content: flex-start; align-items: flex-start;\">\n        <img decoding=\"async\" src=\"\/wp-content\/uploads\/2022\/12\/Large-Icon-Squarearticolo.png\" alt=\"sezione video\">\n        <h4 class=\"info-box__item--title\" style=\"font-family: 'Raleway'; font-size: 24px; font-weight: 700\">Diabete<\/h4>\n        <div class=\"info-box__item--link\" style=\"font-family: 'Raleway'; font-size: 14px; font-weight: 600; text-transform: uppercase;\">\n            <a class=\"info-box--link link-text\" style=\"color: #000000; text-decoration: none; height: 40px;\" href=\"\/?page_id=538\">Scopri di pi\u00f9<\/a>\n        <\/div>\n    <\/div>\n\n    <div class=\"info-box__item\" style=\"border-left: 1px solid #EFEFEF; padding: 0 100px 0 32px; display: flex; flex-direction: column; justify-content: flex-start; align-items: flex-start;\">\n        <img decoding=\"async\" src=\"\/wp-content\/uploads\/2022\/12\/Large-Icon-Squarearticolo.png\" alt=\"sezione video\">\n        <h4 class=\"info-box__item--title\" style=\"font-family: 'Raleway'; font-size: 24px; font-weight: 700\">Insufficienza respiratoria<\/h4>\n        <div class=\"info-box__item--link\" style=\"font-family: 'Raleway'; font-size: 14px; font-weight: 600; text-transform: uppercase;\">\n            <a class=\"info-box--link link-text\" style=\"color: #000000; text-decoration: none; height: 40px;\" href=\"\/?page_id=1530\">Scopri di pi\u00f9<\/a>\n        <\/div>\n    <\/div>\n\n    <div class=\"info-box__item\" style=\"border-left: 1px solid #EFEFEF; padding: 0 100px 0 32px; display: flex; flex-direction: column; justify-content: flex-start; align-items: flex-start;\">\n        <img decoding=\"async\" src=\"\/wp-content\/uploads\/2022\/12\/Large-Icon-Squarearticolo.png\" alt=\"sezione video\">\n        <h4 class=\"info-box__item--title\" style=\"font-family: 'Raleway'; font-size: 24px; font-weight: 700\">Malattie oncologiche &#8211; Il cancro<\/h4>\n        <div class=\"info-box__item--link\" style=\"font-family: 'Raleway'; font-size: 14px; font-weight: 600; text-transform: uppercase;\">\n            <a class=\"info-box--link link-text\" style=\"color: #000000; text-decoration: none; height: 40px;\" href=\"\/?page_id=1537\">Scopri di pi\u00f9<\/a>\n        <\/div>\n    <\/div>\n<\/div>\n<\/div><\/div>\n\n<\/div><\/div><\/div><\/div>\n\n<\/div><\/div>","protected":false},"excerpt":{"rendered":"<p>L&#8217;idratazione nell&#8217;anziano fragile Altro elemento fondamentale da monitorare \u00e8 l\u2019idratazione: l\u2019anziano tende a bere poco per una fisiologica diminuzione dello stimolo della sete. L\u2019acqua interviene nello svolgimento di tutti i processi fisiologici e in tutte le reazioni biochimiche del nostro corpo ed \u00e8 anche fondamentale per la termoregolazione. Inoltre, mantiene compatta la pelle e le&#8230;<\/p>\n","protected":false},"author":2,"featured_media":0,"parent":0,"menu_order":0,"comment_status":"closed","ping_status":"closed","template":"","meta":{"_kad_post_transparent":"","_kad_post_title":"","_kad_post_layout":"","_kad_post_sidebar_id":"","_kad_post_content_style":"","_kad_post_vertical_padding":"","_kad_post_feature":"","_kad_post_feature_position":"","_kad_post_header":false,"_kad_post_footer":false,"_kad_post_classname":"","iawp_total_views":32,"footnotes":""},"class_list":["post-1568","page","type-page","status-publish","hentry"],"_links":{"self":[{"href":"https:\/\/assistereinfamiglia.ats-brianza.it\/index.php?rest_route=\/wp\/v2\/pages\/1568","targetHints":{"allow":["GET"]}}],"collection":[{"href":"https:\/\/assistereinfamiglia.ats-brianza.it\/index.php?rest_route=\/wp\/v2\/pages"}],"about":[{"href":"https:\/\/assistereinfamiglia.ats-brianza.it\/index.php?rest_route=\/wp\/v2\/types\/page"}],"author":[{"embeddable":true,"href":"https:\/\/assistereinfamiglia.ats-brianza.it\/index.php?rest_route=\/wp\/v2\/users\/2"}],"replies":[{"embeddable":true,"href":"https:\/\/assistereinfamiglia.ats-brianza.it\/index.php?rest_route=%2Fwp%2Fv2%2Fcomments&post=1568"}],"version-history":[{"count":14,"href":"https:\/\/assistereinfamiglia.ats-brianza.it\/index.php?rest_route=\/wp\/v2\/pages\/1568\/revisions"}],"predecessor-version":[{"id":4704,"href":"https:\/\/assistereinfamiglia.ats-brianza.it\/index.php?rest_route=\/wp\/v2\/pages\/1568\/revisions\/4704"}],"wp:attachment":[{"href":"https:\/\/assistereinfamiglia.ats-brianza.it\/index.php?rest_route=%2Fwp%2Fv2%2Fmedia&parent=1568"}],"curies":[{"name":"wp","href":"https:\/\/api.w.org\/{rel}","templated":true}]}}