{"id":2564,"date":"2022-12-19T13:10:15","date_gmt":"2022-12-19T12:10:15","guid":{"rendered":"https:\/\/assistereinfamiglia.org\/?page_id=2564"},"modified":"2022-12-19T13:48:22","modified_gmt":"2022-12-19T12:48:22","slug":"la-febbre","status":"publish","type":"page","link":"https:\/\/assistereinfamiglia.ats-brianza.it\/?page_id=2564","title":{"rendered":"La febbre"},"content":{"rendered":"<style>#kt-layout-id_7fdc8d-23{margin-top:0px;margin-bottom:0px;}#kt-layout-id_7fdc8d-23 > .kt-row-column-wrap{align-content:start;}:where(#kt-layout-id_7fdc8d-23 > .kt-row-column-wrap) > .wp-block-kadence-column{justify-content:start;}#kt-layout-id_7fdc8d-23 > .kt-row-column-wrap{column-gap:var(--global-kb-gap-md, 2rem);row-gap:var(--global-kb-gap-md, 2rem);max-width:var( --global-content-width, 1290px );padding-left:var(--global-content-edge-padding);padding-right:var(--global-content-edge-padding);padding-top:var( --global-kb-row-default-top, 25px );padding-bottom:var( --global-kb-row-default-bottom, 25px );padding-top:80px;padding-bottom:81px;padding-left:0px;padding-right:0px;grid-template-columns:minmax(0, 1fr);}#kt-layout-id_7fdc8d-23 > .kt-row-layout-overlay{opacity:0.30;}@media all and (max-width: 1024px){#kt-layout-id_7fdc8d-23 > .kt-row-column-wrap{padding-top:80px;padding-right:30px;padding-bottom:70px;padding-left:30px;grid-template-columns:minmax(0, 1fr);}}@media all and (max-width: 767px){#kt-layout-id_7fdc8d-23 > .kt-row-column-wrap{padding-top:50px;padding-bottom:60px;padding-left:15px;padding-right:15px;grid-template-columns:minmax(0, 1fr);}}<\/style>\n<div class=\"wp-block-kadence-rowlayout alignnone\"><div id=\"kt-layout-id_7fdc8d-23\" class=\"kt-row-layout-inner kt-layout-id_7fdc8d-23\"><div class=\"kt-row-column-wrap kt-has-1-columns kt-gutter-default kt-v-gutter-default kt-row-valign-top kt-row-layout-equal kt-tab-layout-inherit kt-m-colapse-left-to-right kt-mobile-layout-row kb-theme-content-width\"><style>.kadence-column_c067e7-f9 > .kt-inside-inner-col{padding-top:0px;padding-bottom:0px;padding-left:0px;padding-right:0px;}.kadence-column_c067e7-f9 > .kt-inside-inner-col{border-top-width:0px;border-right-width:0px;border-bottom-width:0px;border-left-width:0px;}.kadence-column_c067e7-f9 > .kt-inside-inner-col,.kadence-column_c067e7-f9 > .kt-inside-inner-col:before{border-top-left-radius:0px;border-top-right-radius:0px;border-bottom-right-radius:0px;border-bottom-left-radius:0px;}.kadence-column_c067e7-f9 > .kt-inside-inner-col{column-gap:var(--global-kb-gap-sm, 1rem);}.kadence-column_c067e7-f9 > .kt-inside-inner-col{flex-direction:column;}.kadence-column_c067e7-f9 > .kt-inside-inner-col > .aligncenter{width:100%;}.kadence-column_c067e7-f9 > .kt-inside-inner-col:before{opacity:0.3;}.kadence-column_c067e7-f9{position:relative;}.wp-block-kadence-column.kadence-column_c067e7-f9 > .kt-inside-inner-col{margin-top:0px;margin-bottom:0px;margin-right:0px;margin-left:0px;}@media all and (max-width: 1024px){.kadence-column_c067e7-f9 > .kt-inside-inner-col{flex-direction:column;justify-content:center;}}@media all and (max-width: 767px){.kadence-column_c067e7-f9 > .kt-inside-inner-col{flex-direction:column;justify-content:center;}.wp-block-kadence-column.kadence-column_c067e7-f9 > .kt-inside-inner-col{margin-top:0px;margin-bottom:0px;margin-right:0px;margin-left:0px;}}<\/style>\n<div class=\"wp-block-kadence-column inner-column-1 kadence-column_c067e7-f9\"><div class=\"kt-inside-inner-col\"><style>#kt-layout-id_1488db-97{margin-top:50px;margin-bottom:0px;}#kt-layout-id_1488db-97 > .kt-row-column-wrap{align-content:start;}:where(#kt-layout-id_1488db-97 > .kt-row-column-wrap) > .wp-block-kadence-column{justify-content:start;}#kt-layout-id_1488db-97 > .kt-row-column-wrap{column-gap:var(--global-kb-gap-md, 2rem);row-gap:var(--global-kb-gap-md, 2rem);padding-top:var( --global-kb-row-default-top, 25px );padding-bottom:var( --global-kb-row-default-bottom, 25px );padding-top:0px;padding-bottom:0px;padding-left:0px;padding-right:0px;grid-template-columns:minmax(0, 1fr);}#kt-layout-id_1488db-97{border-top-left-radius:6px;border-top-right-radius:6px;border-bottom-right-radius:6px;border-bottom-left-radius:6px;overflow:clip;isolation:isolate;}#kt-layout-id_1488db-97 > .kt-row-layout-overlay{border-top-left-radius:6px;border-top-right-radius:6px;border-bottom-right-radius:6px;border-bottom-left-radius:6px;}#kt-layout-id_1488db-97 > .kt-row-layout-overlay{opacity:0.30;}@media all and (max-width: 1024px){#kt-layout-id_1488db-97 > .kt-row-column-wrap{grid-template-columns:minmax(0, 1fr);}}@media all and (max-width: 767px){#kt-layout-id_1488db-97{margin-top:30px;margin-bottom:0px;}#kt-layout-id_1488db-97 > .kt-row-column-wrap{grid-template-columns:minmax(0, 1fr);}}<\/style>\n<div class=\"wp-block-kadence-rowlayout alignnone\"><div id=\"kt-layout-id_1488db-97\" class=\"kt-row-layout-inner kt-row-has-bg kt-layout-id_1488db-97 has-theme-palette-9-background-color\"><div class=\"kt-row-column-wrap kt-has-1-columns kt-gutter-default kt-v-gutter-default kt-row-valign-top kt-row-layout-equal kt-tab-layout-inherit kt-m-colapse-left-to-right kt-mobile-layout-row\"><style>.kadence-column_d8f71d-8b > .kt-inside-inner-col{padding-top:10px;padding-bottom:10px;padding-left:10px;padding-right:10px;}.kadence-column_d8f71d-8b > .kt-inside-inner-col{border-top-width:0px;border-right-width:0px;border-bottom-width:0px;border-left-width:0px;}.kadence-column_d8f71d-8b > .kt-inside-inner-col,.kadence-column_d8f71d-8b > .kt-inside-inner-col:before{border-top-left-radius:0px;border-top-right-radius:0px;border-bottom-right-radius:0px;border-bottom-left-radius:0px;}.kadence-column_d8f71d-8b > .kt-inside-inner-col{column-gap:var(--global-kb-gap-sm, 1rem);}.kadence-column_d8f71d-8b > .kt-inside-inner-col{flex-direction:column;}.kadence-column_d8f71d-8b > .kt-inside-inner-col > .aligncenter{width:100%;}.kadence-column_d8f71d-8b > .kt-inside-inner-col:before{opacity:0.3;}.kadence-column_d8f71d-8b{position:relative;}@media all and (max-width: 1024px){.kadence-column_d8f71d-8b > .kt-inside-inner-col{flex-direction:column;justify-content:center;}}@media all and (max-width: 767px){.kadence-column_d8f71d-8b > .kt-inside-inner-col{flex-direction:column;justify-content:center;}}<\/style>\n<div class=\"wp-block-kadence-column inner-column-1 kadence-column_d8f71d-8b\"><div class=\"kt-inside-inner-col\"><style>.wp-block-kadence-advancedheading.kt-adv-heading_e41bab-e9, .wp-block-kadence-advancedheading.kt-adv-heading_e41bab-e9[data-kb-block=\"kb-adv-heading_e41bab-e9\"]{margin-top:10px;margin-right:0px;margin-bottom:27px;margin-left:0px;font-size:40px;line-height:1em;font-style:normal;color:#285238;}.wp-block-kadence-advancedheading.kt-adv-heading_e41bab-e9 mark.kt-highlight, .wp-block-kadence-advancedheading.kt-adv-heading_e41bab-e9[data-kb-block=\"kb-adv-heading_e41bab-e9\"] mark.kt-highlight{font-style:normal;color:#f76a0c;-webkit-box-decoration-break:clone;box-decoration-break:clone;padding-top:0px;padding-right:0px;padding-bottom:0px;padding-left:0px;}.wp-block-kadence-advancedheading.kt-adv-heading_e41bab-e9 img.kb-inline-image, .wp-block-kadence-advancedheading.kt-adv-heading_e41bab-e9[data-kb-block=\"kb-adv-heading_e41bab-e9\"] img.kb-inline-image{width:150px;vertical-align:baseline;}@media all and (max-width: 1024px){.wp-block-kadence-advancedheading.kt-adv-heading_e41bab-e9, .wp-block-kadence-advancedheading.kt-adv-heading_e41bab-e9[data-kb-block=\"kb-adv-heading_e41bab-e9\"]{font-size:34px;line-height:1em;}}@media all and (max-width: 767px){.wp-block-kadence-advancedheading.kt-adv-heading_e41bab-e9, .wp-block-kadence-advancedheading.kt-adv-heading_e41bab-e9[data-kb-block=\"kb-adv-heading_e41bab-e9\"]{font-size:28px;line-height:1em;}}<\/style>\n<h1 class=\"kt-adv-heading_e41bab-e9 custom-h1 wp-block-kadence-advancedheading\" data-kb-block=\"kb-adv-heading_e41bab-e9\">La febbre<\/h1>\n\n\n\n<p>La febbre \u00e8 un aumento della temperatura corporea al di sopra dei 37-37.2\u00b0C. La febbre non \u00e8 una malattia ma un sintomo; le pi\u00f9 comuni cause sono rappresentate dalle malattie infettive (provocate da virus e batteri), dalle malattie tumorali, dalle infiammazioni locali, dai traumi.<\/p>\n\n\n\n<p>La temperatura corporea viene misurata attraverso il termometro. Ne esistono diversi tipi, i pi\u00f9 comuni sono:<\/p>\n\n\n\n<ul class=\"wp-block-list\">\n<li><strong>termometri in vetro<\/strong>: prima di misurare la temperatura accertarsi che la colonnina all\u2019interno del termometro sia al di sotto dei 36\u00b0 C; il termometro viene posizionato sotto l\u2019ascella dell\u2019assistito, che deve essere asciutta; la persona deve rimanere ferma per almeno 5 minuti. Dopo aver misurato la temperatura il termometro pu\u00f2 essere lavato con acqua e sapone;<\/li>\n\n\n\n<li><strong>termometri digitali<\/strong>: sono pratici, sicuri e veloci. Permettono una migliore lettura della temperatura. Vanno posizionati sotto l\u2019ascella, che deve essere asciutta. Con un segnale acustico, avvertono quando termina la rilevazione. Solitamente mantengono in memoria l\u2019ultima temperatura misurata. Dopo l\u2019uso si spengono automaticamente e vanno puliti con un batuffolo imbevuto di disinfettante alcolico<\/li>\n<\/ul>\n\n\n<style>.wp-block-kadence-advancedheading.kt-adv-heading_e49c04-a1, .wp-block-kadence-advancedheading.kt-adv-heading_e49c04-a1[data-kb-block=\"kb-adv-heading_e49c04-a1\"]{font-style:normal;}.wp-block-kadence-advancedheading.kt-adv-heading_e49c04-a1 mark.kt-highlight, .wp-block-kadence-advancedheading.kt-adv-heading_e49c04-a1[data-kb-block=\"kb-adv-heading_e49c04-a1\"] mark.kt-highlight{font-style:normal;color:#f76a0c;-webkit-box-decoration-break:clone;box-decoration-break:clone;padding-top:0px;padding-right:0px;padding-bottom:0px;padding-left:0px;}.wp-block-kadence-advancedheading.kt-adv-heading_e49c04-a1 img.kb-inline-image, .wp-block-kadence-advancedheading.kt-adv-heading_e49c04-a1[data-kb-block=\"kb-adv-heading_e49c04-a1\"] img.kb-inline-image{width:150px;vertical-align:baseline;}<\/style>\n<h3 class=\"kt-adv-heading_e49c04-a1 wp-block-kadence-advancedheading\" data-kb-block=\"kb-adv-heading_e49c04-a1\"><strong>Che cosa fare in caso di febbre<\/strong><\/h3>\n\n\n\n<p>\u00c8 sempre il medico che deve valutare l\u2019intervento migliore per l\u2019assistito: la scelta di somministrare farmaci senza consultare il medico, pu\u00f2 non essere quella pi\u00f9 corretta. <br>\u00c8 importante ricordare che esistono anche metodi naturali che riducono la temperatura corporea, quali per esempio le applicazioni fredde, con la borsa del ghiaccio applicata sotto la nuca, nelle pieghe del gomito, delle ginocchia e all\u2019inguine. <br>Normalmente il rialzo della temperatura corporea segue alcune fasi tipiche che richiedono la messa in atto di specifici accorgimenti assistenziali finalizzati a garantire benessere alla persona con febbre.<\/p>\n\n\n\n<ul class=\"wp-block-list\">\n<li><strong>Fase del brivido<\/strong>: quando la temperatura sale e raggiunge valori molto alti (uguali o superiori ai 39.0\u00b0C) la persona \u00e8 scossa dai brividi, batte i denti, pu\u00f2 essere agitata e avverte la sensazione di freddo. In questa fase \u00e8 importante mettere la persona a letto, rimanergli vicino e coprirla bene.<\/li>\n\n\n\n<li><strong>Fase del culmine della febbre<\/strong>: la temperatura si stabilizza su valori elevati e la persona manifesta un malessere in tutto il corpo, avverte caldo e pu\u00f2 essere agitata. In questa fase \u00e8 bene togliere le coperte per favorire la dispersione del calore e posizionare borsa del ghiaccio o impacchi freschi sulla fronte. \u00c8 importante che la persona rimanga a letto con la vicinanza tranquillizzante di chi assiste.<\/li>\n\n\n\n<li><strong>Fase della discesa della temperatura<\/strong>: la febbre pu\u00f2 scendere in modo graduale oppure in modo brusco e veloce. In entrambi i casi la persona presenter\u00e0 abbondante sudorazione e senso di grande spossatezza. In questo caso \u00e8 molto importante:\n<ul class=\"wp-block-list\">\n<li>mantenere la persona a letto per il rischio di collasso (se si alzasse potrebbe perdere l\u2019equilibrio per un abbassamento della pressione arteriosa)<\/li>\n\n\n\n<li>cambiare la biancheria personale per evitare che gli indumenti umidi restino a contatto della persona<\/li>\n\n\n\n<li>mantenere una temperatura ambientale costante<\/li>\n\n\n\n<li>rassicurare la persona rimanendogli vicini<\/li>\n\n\n\n<li>ripristinare le perdite d\u2019acqua dovute all\u2019abbondante sudorazione proponendo acqua, infusi leggeri, brodi vegetali, succhi di frutta, ecc.<\/li>\n<\/ul>\n<\/li>\n<\/ul>\n\n\n\n<ul class=\"wp-block-list\">\n<li><strong>Fase del riposo ristoratore<\/strong>: in questa fase l\u2019organismo ha bisogno di recuperare le forze per cui possono essere utili i seguenti accorgimenti:<ul><li>l\u2019ambiente deve essere tranquillo per consentire il sonno e il riposo,<\/li><li>la temperatura della stanza costante (20-22\u00b0C);<\/li><li>la biancheria asciutta e confortevole<\/li><\/ul>\n<ul class=\"wp-block-list\">\n<li>garantire la vicinanza fisica in caso di necessit\u00e0.<\/li>\n<\/ul>\n<\/li>\n<\/ul>\n<\/div><\/div>\n<\/div><\/div><\/div>\n<\/div><\/div>\n<\/div><\/div><\/div>\n\n\n<style>#kt-layout-id_4dc786-ac{margin-top:0px;margin-bottom:0px;}#kt-layout-id_4dc786-ac > .kt-row-column-wrap{align-content:start;}:where(#kt-layout-id_4dc786-ac > .kt-row-column-wrap) > .wp-block-kadence-column{justify-content:start;}#kt-layout-id_4dc786-ac > .kt-row-column-wrap{column-gap:var(--global-kb-gap-md, 2rem);row-gap:var(--global-kb-gap-md, 2rem);max-width:var( --global-content-width, 1290px );padding-left:var(--global-content-edge-padding);padding-right:var(--global-content-edge-padding);padding-top:var( --global-kb-row-default-top, 25px );padding-bottom:var( --global-kb-row-default-bottom, 25px );padding-top:20px;padding-bottom:17px;padding-left:0px;padding-right:0px;grid-template-columns:minmax(0, 1fr);}#kt-layout-id_4dc786-ac{background-color:rgba(248,210,154,0.2);}#kt-layout-id_4dc786-ac > .kt-row-layout-overlay{opacity:0.30;}@media all and (max-width: 1024px){#kt-layout-id_4dc786-ac{margin-top:0px;margin-bottom:0px;}}@media all and (max-width: 1024px){#kt-layout-id_4dc786-ac > .kt-row-column-wrap{padding-top:70px;padding-right:0px;padding-bottom:40px;padding-left:0px;grid-template-columns:minmax(0, 1fr);}}@media all and (max-width: 767px){#kt-layout-id_4dc786-ac > .kt-row-column-wrap{padding-top:60px;padding-bottom:30px;padding-left:10px;padding-right:10px;grid-template-columns:minmax(0, 1fr);}}<\/style>\n<div class=\"wp-block-kadence-rowlayout alignnone\"><div id=\"kt-layout-id_4dc786-ac\" class=\"kt-row-layout-inner kt-row-has-bg kt-layout-id_4dc786-ac\"><div class=\"kt-row-column-wrap kt-has-1-columns kt-gutter-default kt-v-gutter-default kt-row-valign-top kt-row-layout-equal kt-tab-layout-inherit kt-m-colapse-left-to-right kt-mobile-layout-row kb-theme-content-width\"><style>.kadence-column_6fc86b-b5 > .kt-inside-inner-col{padding-top:10px;padding-bottom:10px;padding-left:10px;padding-right:10px;}.kadence-column_6fc86b-b5 > .kt-inside-inner-col{border-top-width:0px;border-right-width:0px;border-bottom-width:0px;border-left-width:0px;}.kadence-column_6fc86b-b5 > .kt-inside-inner-col,.kadence-column_6fc86b-b5 > .kt-inside-inner-col:before{border-top-left-radius:0px;border-top-right-radius:0px;border-bottom-right-radius:0px;border-bottom-left-radius:0px;}.kadence-column_6fc86b-b5 > .kt-inside-inner-col{column-gap:var(--global-kb-gap-sm, 1rem);}.kadence-column_6fc86b-b5 > .kt-inside-inner-col{flex-direction:column;}.kadence-column_6fc86b-b5 > .kt-inside-inner-col > .aligncenter{width:100%;}.kadence-column_6fc86b-b5 > .kt-inside-inner-col:before{opacity:0.3;}.kadence-column_6fc86b-b5{position:relative;}@media all and (max-width: 1024px){.kadence-column_6fc86b-b5 > .kt-inside-inner-col{flex-direction:column;justify-content:center;}}@media all and (max-width: 767px){.kadence-column_6fc86b-b5 > .kt-inside-inner-col{flex-direction:column;justify-content:center;}}<\/style>\n<div class=\"wp-block-kadence-column inner-column-1 kadence-column_6fc86b-b5\"><div class=\"kt-inside-inner-col\"><style>#kt-layout-id_1ad769-78 > .kt-row-column-wrap{align-content:start;}:where(#kt-layout-id_1ad769-78 > .kt-row-column-wrap) > .wp-block-kadence-column{justify-content:start;}#kt-layout-id_1ad769-78 > .kt-row-column-wrap{column-gap:var(--global-kb-gap-md, 2rem);row-gap:var(--global-kb-gap-md, 2rem);max-width:var( --global-content-width, 1290px );padding-left:var(--global-content-edge-padding);padding-right:var(--global-content-edge-padding);padding-top:var( --global-kb-row-default-top, 25px );padding-bottom:var( --global-kb-row-default-bottom, 25px );padding-top:0px;padding-bottom:0px;padding-left:0px;padding-right:0px;grid-template-columns:minmax(0, 1fr);}#kt-layout-id_1ad769-78 > .kt-row-layout-overlay{opacity:0.30;}@media all and (max-width: 1024px){#kt-layout-id_1ad769-78 > .kt-row-column-wrap{grid-template-columns:minmax(0, 1fr);}}@media all and (max-width: 767px){#kt-layout-id_1ad769-78 > .kt-row-column-wrap{grid-template-columns:minmax(0, 1fr);}}<\/style>\n<div class=\"wp-block-kadence-rowlayout alignnone\"><div id=\"kt-layout-id_1ad769-78\" class=\"kt-row-layout-inner kt-layout-id_1ad769-78\"><div class=\"kt-row-column-wrap kt-has-1-columns kt-gutter-default kt-v-gutter-default kt-row-valign-top kt-row-layout-equal kt-tab-layout-inherit kt-m-colapse-left-to-right kt-mobile-layout-row kb-theme-content-width\"><style>.kadence-column_52cdf9-ff > .kt-inside-inner-col{padding-top:10px;padding-bottom:10px;padding-left:10px;padding-right:10px;}.kadence-column_52cdf9-ff > .kt-inside-inner-col{border-top-width:0px;border-right-width:0px;border-bottom-width:0px;border-left-width:0px;}.kadence-column_52cdf9-ff > .kt-inside-inner-col,.kadence-column_52cdf9-ff > .kt-inside-inner-col:before{border-top-left-radius:0px;border-top-right-radius:0px;border-bottom-right-radius:0px;border-bottom-left-radius:0px;}.kadence-column_52cdf9-ff > .kt-inside-inner-col{column-gap:var(--global-kb-gap-sm, 1rem);}.kadence-column_52cdf9-ff > .kt-inside-inner-col{flex-direction:column;}.kadence-column_52cdf9-ff > .kt-inside-inner-col > .aligncenter{width:100%;}.kadence-column_52cdf9-ff > .kt-inside-inner-col:before{opacity:0.3;}.kadence-column_52cdf9-ff{position:relative;}@media all and (max-width: 1024px){.kadence-column_52cdf9-ff > .kt-inside-inner-col{flex-direction:column;justify-content:center;}}@media all and (max-width: 767px){.kadence-column_52cdf9-ff > .kt-inside-inner-col{flex-direction:column;justify-content:center;}}<\/style>\n<div class=\"wp-block-kadence-column inner-column-1 kadence-column_52cdf9-ff\"><div class=\"kt-inside-inner-col\"><style>.wp-block-kadence-advancedheading.kt-adv-heading_b33546-27, .wp-block-kadence-advancedheading.kt-adv-heading_b33546-27[data-kb-block=\"kb-adv-heading_b33546-27\"]{font-size:14px;font-weight:700;font-style:normal;font-family:Raleway;text-transform:uppercase;color:#47b66d;}.wp-block-kadence-advancedheading.kt-adv-heading_b33546-27 mark.kt-highlight, .wp-block-kadence-advancedheading.kt-adv-heading_b33546-27[data-kb-block=\"kb-adv-heading_b33546-27\"] mark.kt-highlight{font-style:normal;color:#47b66d;text-transform:capitalize;-webkit-box-decoration-break:clone;box-decoration-break:clone;padding-top:0px;padding-right:0px;padding-bottom:0px;padding-left:0px;}.wp-block-kadence-advancedheading.kt-adv-heading_b33546-27 img.kb-inline-image, .wp-block-kadence-advancedheading.kt-adv-heading_b33546-27[data-kb-block=\"kb-adv-heading_b33546-27\"] img.kb-inline-image{width:150px;vertical-align:baseline;}<\/style>\n<p class=\"kt-adv-heading_b33546-27 wp-block-kadence-advancedheading\" data-kb-block=\"kb-adv-heading_b33546-27\">Potrebbe interessarti<\/p>\n\n\n<style>.wp-block-kadence-advancedheading.kt-adv-heading_995cef-2c, .wp-block-kadence-advancedheading.kt-adv-heading_995cef-2c[data-kb-block=\"kb-adv-heading_995cef-2c\"]{margin-top:0px;margin-right:0px;margin-bottom:37px;margin-left:0px;text-align:left;font-size:32px;line-height:1em;font-weight:700;font-style:normal;font-family:Raleway;color:#103d57;}.wp-block-kadence-advancedheading.kt-adv-heading_995cef-2c mark.kt-highlight, .wp-block-kadence-advancedheading.kt-adv-heading_995cef-2c[data-kb-block=\"kb-adv-heading_995cef-2c\"] mark.kt-highlight{font-style:normal;color:#f76a0c;-webkit-box-decoration-break:clone;box-decoration-break:clone;padding-top:0px;padding-right:0px;padding-bottom:0px;padding-left:0px;}.wp-block-kadence-advancedheading.kt-adv-heading_995cef-2c img.kb-inline-image, .wp-block-kadence-advancedheading.kt-adv-heading_995cef-2c[data-kb-block=\"kb-adv-heading_995cef-2c\"] img.kb-inline-image{width:150px;vertical-align:baseline;}<\/style>\n<h2 class=\"kt-adv-heading_995cef-2c wp-block-kadence-advancedheading\" data-kb-block=\"kb-adv-heading_995cef-2c\">Articoli correlati<\/h2>\n\n\n<style>.wp-block-kadence-advancedheading.kt-adv-heading_2f4e3b-be, .wp-block-kadence-advancedheading.kt-adv-heading_2f4e3b-be[data-kb-block=\"kb-adv-heading_2f4e3b-be\"]{margin-top:-10px;margin-right:0px;margin-bottom:0px;margin-left:0px;text-align:left;font-size:18px;font-weight:400;font-style:normal;font-family:Raleway;}.wp-block-kadence-advancedheading.kt-adv-heading_2f4e3b-be mark.kt-highlight, .wp-block-kadence-advancedheading.kt-adv-heading_2f4e3b-be[data-kb-block=\"kb-adv-heading_2f4e3b-be\"] mark.kt-highlight{font-style:normal;color:#f76a0c;-webkit-box-decoration-break:clone;box-decoration-break:clone;padding-top:0px;padding-right:0px;padding-bottom:0px;padding-left:0px;}.wp-block-kadence-advancedheading.kt-adv-heading_2f4e3b-be img.kb-inline-image, .wp-block-kadence-advancedheading.kt-adv-heading_2f4e3b-be[data-kb-block=\"kb-adv-heading_2f4e3b-be\"] img.kb-inline-image{width:150px;vertical-align:baseline;}<\/style>\n<p class=\"kt-adv-heading_2f4e3b-be wp-block-kadence-advancedheading\" data-kb-block=\"kb-adv-heading_2f4e3b-be\">Una collezione di contenuti utili<\/p>\n\n\n\n<div class=\"wp-block-buttons is-layout-flex wp-block-buttons-is-layout-flex\"><\/div>\n\n\n\n<div class=\"info-box__container\" style=\"display: flex; justify-content: space-around; padding: 0 65px; min-height: 270px; margin: 68px 0;\">\n\n    <div class=\"info-box__item\" style=\"border-left: 1px solid #EFEFEF; padding: 0 100px 0 32px; display: flex; flex-direction: column; justify-content: flex-start; align-items: flex-start;\">\n        <img decoding=\"async\" src=\"\/wp-content\/uploads\/2022\/12\/Large-Icon-Squarearticolo.png\" alt=\"sezione video\">\n        <h4 class=\"info-box__item--title\" style=\"font-family: 'Raleway'; font-size: 24px; font-weight: 700\">Le persone con emiplegia<\/h4>\n        <div class=\"info-box__item--link\" style=\"font-family: 'Raleway'; font-size: 14px; font-weight: 600; text-transform: uppercase;\">\n            <a class=\"info-box--link link-text\" style=\"color: #000000; text-decoration: none; height: 40px;\" href=\"\/?page_id=1713\">Scopri di pi\u00f9<\/a>\n        <\/div>\n    <\/div>\n\n<div class=\"info-box__item\" style=\"border-left: 1px solid #EFEFEF; padding: 0 100px 0 32px; display: flex; flex-direction: column; justify-content: flex-start; align-items: flex-start;\">\n        <img decoding=\"async\" src=\"\/wp-content\/uploads\/2022\/12\/Large-Icon-Squarearticolo.png\" alt=\"sezione video\">\n        <h4 class=\"info-box__item--title\" style=\"font-family: 'Raleway'; font-size: 24px; font-weight: 700\">L&#8217;igiene quotidiana<\/h4>\n        <div class=\"info-box__item--link\" style=\"font-family: 'Raleway'; font-size: 14px; font-weight: 600; text-transform: uppercase;\">\n            <a class=\"info-box--link link-text\" style=\"color: #000000; text-decoration: none; height: 40px;\" href=\"\/?page_id=1570\">Scopri di pi\u00f9<\/a>\n        <\/div>\n    <\/div>\n\n<div class=\"info-box__item\" style=\"border-left: 1px solid #EFEFEF; padding: 0 100px 0 32px; display: flex; flex-direction: column; justify-content: flex-start; align-items: flex-start;\">\n        <img decoding=\"async\" src=\"\/wp-content\/uploads\/2022\/12\/Large-Icon-Squarearticolo.png\" alt=\"sezione video\">\n        <h4 class=\"info-box__item--title\" style=\"font-family: 'Raleway'; font-size: 24px; font-weight: 700\">Il lavaggio delle mani<\/h4>\n        <div class=\"info-box__item--link\" style=\"font-family: 'Raleway'; font-size: 14px; font-weight: 600; text-transform: uppercase;\">\n            <a class=\"info-box--link link-text\" style=\"color: #000000; text-decoration: none; height: 40px;\" href=\"\/?page_id=1569\">Scopri di pi\u00f9<\/a>\n        <\/div>\n    <\/div>\n\n<\/div>\n<\/div><\/div>\n<\/div><\/div><\/div>\n<\/div><\/div>\n<\/div><\/div><\/div>\n","protected":false},"excerpt":{"rendered":"<p>La febbre La febbre \u00e8 un aumento della temperatura corporea al di sopra dei 37-37.2\u00b0C. La febbre non \u00e8 una malattia ma un sintomo; le pi\u00f9 comuni cause sono rappresentate dalle malattie infettive (provocate da virus e batteri), dalle malattie tumorali, dalle infiammazioni locali, dai traumi. La temperatura corporea viene misurata attraverso il termometro. Ne&#8230;<\/p>\n","protected":false},"author":2,"featured_media":0,"parent":0,"menu_order":0,"comment_status":"closed","ping_status":"closed","template":"","meta":{"_kad_post_transparent":"","_kad_post_title":"","_kad_post_layout":"","_kad_post_sidebar_id":"","_kad_post_content_style":"","_kad_post_vertical_padding":"","_kad_post_feature":"","_kad_post_feature_position":"","_kad_post_header":false,"_kad_post_footer":false,"_kad_post_classname":"","iawp_total_views":52,"footnotes":""},"class_list":["post-2564","page","type-page","status-publish","hentry"],"_links":{"self":[{"href":"https:\/\/assistereinfamiglia.ats-brianza.it\/index.php?rest_route=\/wp\/v2\/pages\/2564","targetHints":{"allow":["GET"]}}],"collection":[{"href":"https:\/\/assistereinfamiglia.ats-brianza.it\/index.php?rest_route=\/wp\/v2\/pages"}],"about":[{"href":"https:\/\/assistereinfamiglia.ats-brianza.it\/index.php?rest_route=\/wp\/v2\/types\/page"}],"author":[{"embeddable":true,"href":"https:\/\/assistereinfamiglia.ats-brianza.it\/index.php?rest_route=\/wp\/v2\/users\/2"}],"replies":[{"embeddable":true,"href":"https:\/\/assistereinfamiglia.ats-brianza.it\/index.php?rest_route=%2Fwp%2Fv2%2Fcomments&post=2564"}],"version-history":[{"count":4,"href":"https:\/\/assistereinfamiglia.ats-brianza.it\/index.php?rest_route=\/wp\/v2\/pages\/2564\/revisions"}],"predecessor-version":[{"id":2607,"href":"https:\/\/assistereinfamiglia.ats-brianza.it\/index.php?rest_route=\/wp\/v2\/pages\/2564\/revisions\/2607"}],"wp:attachment":[{"href":"https:\/\/assistereinfamiglia.ats-brianza.it\/index.php?rest_route=%2Fwp%2Fv2%2Fmedia&parent=2564"}],"curies":[{"name":"wp","href":"https:\/\/api.w.org\/{rel}","templated":true}]}}